{"id":856,"date":"2025-06-05T17:48:40","date_gmt":"2025-06-05T17:48:40","guid":{"rendered":"https:\/\/agriturismodolcevita.it\/preisliste\/"},"modified":"2026-02-23T14:01:46","modified_gmt":"2026-02-23T14:01:46","slug":"preisliste","status":"publish","type":"page","link":"https:\/\/agriturismodolcevita.it\/de\/preisliste\/","title":{"rendered":"Preisliste"},"content":{"rendered":"\n\n  <div class=\"banner has-hover\" id=\"banner-1806512793\">\n          <div class=\"banner-inner fill\">\n        <div class=\"banner-bg fill\" >\n            <img loading=\"lazy\" decoding=\"async\" width=\"1020\" height=\"574\" src=\"https:\/\/agriturismodolcevita.it\/wp-content\/uploads\/2025\/06\/giardino-dolce-vita-1024x576.webp\" class=\"bg attachment-large size-large\" alt=\"\" \/>                        <div class=\"overlay\"><\/div>            \n                    <\/div>\n\t\t\n        <div class=\"banner-layers container\">\n            <div class=\"fill banner-link\"><\/div>            \n\n   <div id=\"text-box-787263994\" class=\"text-box banner-layer x50 md-x50 lg-x50 y50 md-y50 lg-y50 res-text\">\n                     <div data-animate=\"fadeInUp\">           <div class=\"text-box-content text dark\">\n              \n              <div class=\"text-inner text-center\">\n                  \n\n\t<div id=\"text-927058265\" class=\"text\">\n\t\t\n\n<p class=\"uppercase\">\u2014 Bauernhaus Dolce Vita \u00b7 Bolsena \u2014<\/p>\n\t\t\n<style>\n#text-927058265 {\n  font-size: 0.75rem;\n  text-align: center;\n  color: rgba(224,200,152,1);\n}\n#text-927058265 > * {\n  color: rgba(224,200,152,1);\n}\n@media (min-width:550px) {\n  #text-927058265 {\n    font-size: 0.8rem;\n  }\n}\n<\/style>\n\t<\/div>\n\t\n\t<div id=\"text-2105920650\" class=\"text\">\n\t\t\n\n<h2>Preisliste<\/h2>\n\t\t\n<style>\n#text-2105920650 {\n  font-size: 1.1rem;\n  line-height: 1.08;\n  text-align: center;\n  color: rgba(255,255,255,1);\n}\n#text-2105920650 > * {\n  color: rgba(255,255,255,1);\n}\n@media (min-width:550px) {\n  #text-2105920650 {\n    font-size: 1.4rem;\n  }\n}\n@media (min-width:850px) {\n  #text-2105920650 {\n    font-size: 1.4rem;\n  }\n}\n<\/style>\n\t<\/div>\n\t\n\t<div id=\"text-593185164\" class=\"text\">\n\t\t\n\nSaison 2025\u20132026 \u00b7 8 Wohnungen \u00b7 inkl. MwSt.\n\t\t\n<style>\n#text-593185164 {\n  font-size: 0.75rem;\n  text-align: center;\n  color: rgba(255,255,255,0.7);\n}\n#text-593185164 > * {\n  color: rgba(255,255,255,0.7);\n}\n@media (min-width:550px) {\n  #text-593185164 {\n    font-size: 1rem;\n  }\n}\n<\/style>\n\t<\/div>\n\t\n\n              <\/div>\n           <\/div>\n       <\/div>                     \n<style>\n#text-box-787263994 {\n  width: 95%;\n}\n#text-box-787263994 .text-box-content {\n  font-size: 100%;\n}\n@media (min-width:550px) {\n  #text-box-787263994 {\n    width: 70%;\n  }\n}\n<\/style>\n    <\/div>\n \n\n        <\/div>\n      <\/div>\n\n            \n<style>\n#banner-1806512793 {\n  padding-top: 50vh;\n}\n#banner-1806512793 .overlay {\n  background-color: rgba(26, 46, 34, 0.4);\n}\n#banner-1806512793 .banner-bg img {\n  object-position: 50% 40%;\n}\n<\/style>\n  <\/div>\n\n\n<div class=\"row row-full-width\"  id=\"row-778690895\">\n\n\n\t<div id=\"col-1165355362\" class=\"col large-12\"  >\n\t\t\t\t<div class=\"col-inner\"  >\n\t\t\t\n\t\t\t\n\n\t<div id=\"text-2563635754\" class=\"text\">\n\t\t\n\n<p class=\"uppercase\">\u2014 Saisonzeitr\u00e4ume<\/p>\n\t\t\n<style>\n#text-2563635754 {\n  font-size: 0.75rem;\n  color: rgba(46,139,87,1);\n}\n#text-2563635754 > * {\n  color: rgba(46,139,87,1);\n}\n@media (min-width:550px) {\n  #text-2563635754 {\n    font-size: 1rem;\n  }\n}\n<\/style>\n\t<\/div>\n\t\n\t<div id=\"text-2732534679\" class=\"text\">\n\t\t\n\n<h2>Vier <em style=\"color:#2e8b57;\">Jahreszeiten<\/em>, vier Preise<\/h2>\n\t\t\n<style>\n#text-2732534679 {\n  font-size: 1.1rem;\n}\n@media (min-width:550px) {\n  #text-2732534679 {\n    font-size: 1.4rem;\n  }\n}\n<\/style>\n\t<\/div>\n\t\n\n\t\t<\/div>\n\t\t\t\t\t<\/div>\n\n\t\n\n\n<style>\n#row-778690895 > .col > .col-inner {\n  padding: 48px 24px 32px 24px;\n}\n@media (min-width:550px) {\n  #row-778690895 > .col > .col-inner {\n    padding: 56px 32px 40px 32px;\n  }\n}\n@media (min-width:850px) {\n  #row-778690895 > .col > .col-inner {\n    padding: 72px 64px 52px 64px;\n  }\n}\n<\/style>\n<\/div>\n<div class=\"row row-small row-full-width\"  id=\"row-1276457682\">\n\n\n\t<div id=\"col-467008097\" class=\"col medium-3 small-6 large-3\"  >\n\t\t\t\t<div class=\"col-inner\"  >\n\t\t\t\n\t\t\t\n\n\n\n<div class=\"dv-stagione dv-s-a\"><span class=\"dv-stagione-label\">Saison A \u2014 Nebensaison<\/span><h3>A<\/h3><div class=\"dv-stagione-date\">12 jan \u2192 15 apr<br>21 oct \u2192 11 dez<\/div><\/div>\n\n\n\t\t<\/div>\n\t\t\t\t\t<\/div>\n\n\t\n\n\t<div id=\"col-18571525\" class=\"col medium-3 small-6 large-3\"  >\n\t\t\t\t<div class=\"col-inner\"  >\n\t\t\t\n\t\t\t\n\n\n\n<div class=\"dv-stagione dv-s-b\"><span class=\"dv-stagione-label\">Saison B \u2014 Fr\u00fchling \/ Herbst<\/span><h3>B<\/h3><div class=\"dv-stagione-date\">16 apr \u2192 17 jun<br>18 sep \u2192 20 oct<\/div><\/div>\n\n\n\t\t<\/div>\n\t\t\t\t\t<\/div>\n\n\t\n\n\t<div id=\"col-1089755082\" class=\"col medium-3 small-6 large-3\"  >\n\t\t\t\t<div class=\"col-inner\"  >\n\t\t\t\n\t\t\t\n\n\n\n<div class=\"dv-stagione dv-s-c\"><span class=\"dv-stagione-label\">Saison C \u2014 Hochsaison<\/span><h3>C<\/h3><div class=\"dv-stagione-date\">18 jun \u2192 15 jul<br>26 aug \u2192 17 sep<\/div><\/div>\n\n\n\t\t<\/div>\n\t\t\t\t\t<\/div>\n\n\t\n\n\t<div id=\"col-501506643\" class=\"col medium-3 small-6 large-3\"  >\n\t\t\t\t<div class=\"col-inner\"  >\n\t\t\t\n\t\t\t\n\n\n\n<div class=\"dv-stagione dv-s-d\"><span class=\"dv-stagione-label\">Saison D \u2014 Hochsommer<\/span><h3>D<\/h3><div class=\"dv-stagione-date\">16 juul \u2192 25 aug<p> <\/p><\/div><\/div>\n\n\n\t\t<\/div>\n\t\t\t\t\t<\/div>\n\n\t\n\n<\/div>\n<div class=\"row row-full-width\"  id=\"row-1026812946\">\n\n\n\t<div id=\"col-261503054\" class=\"col large-12\"  >\n\t\t\t\t<div class=\"col-inner\"  >\n\t\t\t\n\t\t\t\n\n\t<div id=\"text-785551604\" class=\"text\">\n\t\t\n\n<p class=\"uppercase\">\u2014 Preise pro Nacht<\/p>\n\t\t\n<style>\n#text-785551604 {\n  font-size: 0.75rem;\n  color: rgba(46,139,87,1);\n}\n#text-785551604 > * {\n  color: rgba(46,139,87,1);\n}\n@media (min-width:550px) {\n  #text-785551604 {\n    font-size: 0.85rem;\n  }\n}\n@media (min-width:850px) {\n  #text-785551604 {\n    font-size: 1rem;\n  }\n}\n<\/style>\n\t<\/div>\n\t\n\t<div id=\"text-4047404325\" class=\"text\">\n\t\t\n\n<h2><em style=\"color:#2e8b57;\">Saisonale <\/em>Preistabelle<\/h2>\n\t\t\n<style>\n#text-4047404325 {\n  font-size: 1.2rem;\n  color: rgba(26,46,34,1);\n}\n#text-4047404325 > * {\n  color: rgba(26,46,34,1);\n}\n@media (min-width:550px) {\n  #text-4047404325 {\n    font-size: 1.4rem;\n  }\n}\n<\/style>\n\t<\/div>\n\t\n\n\n<div class=\"dv-table-wrap\">\n      <table class=\"dv-table\">\n        <thead>\n          <tr><th>Wohnungstyp\u202f<\/th><th colspan=\"2\" class=\"dv-th-a\">Saison\u202fA<\/th><th colspan=\"2\" class=\"dv-th-b\">Saison\u202fB<\/th>\u202f<th colspan=\"2\" class=\"dv-th-c\">Saison\u202fC<\/th>\u202f<th colspan=\"2\" class=\"dv-th-d\">Saison\u202fD<\/th><\/tr>\n          <tr><th><\/th><th class=\"dv-th-a\">Nacht<\/th><th>Wochenende<\/th><th class=\"dv-th-b\">Nacht<\/th><th>Wochenende<\/th><th class=\"dv-th-c\">Nacht<\/th><th>Wochenende<\/th><th class=\"dv-th-d\">Nacht<\/th><th>Wochenende<\/th><\/tr>\n        <\/thead>\n        <tbody>\n          <tr><td>Whg. 1\u20132\u20133\u20134<span class=\"dv-apt-size\">35 m\u00b2 \u00b7 2+2 Schlafpl\u00e4tze<\/span><\/td><td class=\"dv-td-a\"><span class=\"dv-price\">90 \u20ac<\/span><\/td><td><span class=\"dv-price-wk\">230 \u20ac<\/span><\/td><td class=\"dv-td-b\"><span class=\"dv-price\">95 \u20ac<\/span><\/td><td><span class=\"dv-price-wk\">230 \u20ac<\/span><\/td><td class=\"dv-td-c\"><span class=\"dv-price\">102 \u20ac<\/span><\/td><td><span class=\"dv-na\">k.A.<\/span><\/td><td class=\"dv-td-d\"><span class=\"dv-price\">112 \u20ac<\/span><\/td><td><span class=\"dv-na\">k.A.<\/span><\/td><\/tr>\n          <tr><td>Wohnung 5<span class=\"dv-apt-size\">45 m\u00b2 \u00b7 Bis zu 4 Personen<\/span><\/td><td class=\"dv-td-a\"><span class=\"dv-price\">111 \u20ac<\/span><\/td><td><span class=\"dv-price-wk\">250 \u20ac<\/span><\/td><td class=\"dv-td-b\"><span class=\"dv-price\">115 \u20ac<\/span><\/td><td><span class=\"dv-price-wk\">250 \u20ac<\/span><\/td><td class=\"dv-td-c\"><span class=\"dv-price\">122 \u20ac<\/span><\/td><td><span class=\"dv-na\">k.A.<\/span><\/td><td class=\"dv-td-d\"><span class=\"dv-price\">140 \u20ac<\/span><\/td><td><span class=\"dv-na\">k.A.<\/span><\/td><\/tr>\n          <tr><td>Wohnung 6<span class=\"dv-apt-size\">65 m\u00b2 \u00b7 Bis zu 6 Personen<\/span><\/td><td class=\"dv-td-a\"><span class=\"dv-price\">135 \u20ac<\/span><\/td><td><span class=\"dv-price-wk\">330 \u20ac<\/span><\/td><td class=\"dv-td-b\"><span class=\"dv-price\">155 \u20ac<\/span><\/td><td><span class=\"dv-price-wk\">330 \u20ac<\/span><\/td><td class=\"dv-td-c\"><span class=\"dv-price\">185 \u20ac<\/span><\/td><td><span class=\"dv-na\">k.A.<\/span><\/td><td class=\"dv-td-d\"><span class=\"dv-price\">205 \u20ac<\/span><\/td><td><span class=\"dv-na\">k.A.<\/span><\/td><\/tr>\n          <tr><td>Whg. 7\u20138<span class=\"dv-apt-size\">55\u201365 m\u00b2 \u00b7 Bis zu 5 Personen<\/span><\/td><td class=\"dv-td-a\"><span class=\"dv-price\">125 \u20ac<\/span><\/td><td><span class=\"dv-price-wk\">310 \u20ac<\/span><\/td><td class=\"dv-td-b\"><span class=\"dv-price\">145 \u20ac<\/span><\/td><td><span class=\"dv-price-wk\">310 \u20ac<\/span><\/td><td class=\"dv-td-c\"><span class=\"dv-price\">175 \u20ac<\/span><\/td><td><span class=\"dv-na\">k.A.<\/span><\/td><td class=\"dv-td-d\"><span class=\"dv-price\">195 \u20ac<\/span><\/td><td><span class=\"dv-na\">k.A.<\/span><\/td><\/tr>\n          <tr><td>Wohnung 34<span class=\"dv-apt-size\">70 m\u00b2 Kombiniert \u00b7 Bis zu 8 Personen<\/span><\/td><td class=\"dv-td-a\"><span class=\"dv-price\">143 \u20ac<\/span><\/td><td><span class=\"dv-na\">k.A.<\/span><\/td><td class=\"dv-td-b\"><span class=\"dv-price\">156 \u20ac<\/span><\/td><td><span class=\"dv-na\">k.A.<\/span><\/td><td class=\"dv-td-c\"><span class=\"dv-price\">177 \u20ac<\/span><\/td><td><span class=\"dv-na\">k.A.<\/span><\/td><td class=\"dv-td-d\"><span class=\"dv-price\">206 \u20ac<\/span><\/td><td><span class=\"dv-na\">k.A.<\/span><\/td><\/tr>\n        <\/tbody>\n      <\/table>\n    <\/div>\n    <div class=\"dv-legenda\"><p class=\"mobile-only\">Nach rechts und links wischen, um die Preisliste anzusehen.<\/p>\n      <div class=\"dv-legenda-item\"><div class=\"dv-legenda-dot\" style=\"background:#2e8b57\"><\/div>Preise pro Nacht<\/div>\n      <div class=\"dv-legenda-item\"><div class=\"dv-legenda-dot\" style=\"background:#b87650\"><\/div>Wochenendpreis (mind. 2 N\u00e4chte Fr\u2013So)<\/div>\n      <div class=\"dv-legenda-item\"><div class=\"dv-legenda-dot\" style=\"background:#6b8878;opacity:.5\"><\/div>Nicht verf\u00fcgbar<\/div>\n    <\/div>\n    <div class=\"dv-note\">\n<p>Die Wochenendpreise gelten f\u00fcr Aufenthalte von mindestens 2 N\u00e4chten am Wochenende (Freitag\u2013Sonntag). Alle Preise pro Nacht verstehen sich <strong>inklusive MwSt<\/strong>.<br>Vom 18. Juni bis 26. August sind Buchungen nur <strong>von Samstag zu Samstag<\/strong> m\u00f6glich.  <\/p><\/div>\n\n\n\t\t<\/div>\n\t\t\t\t\t<\/div>\n\n\t\n\n\n<style>\n#row-1026812946 > .col > .col-inner {\n  padding: 48px 24px 12px 24px;\n}\n@media (min-width:550px) {\n  #row-1026812946 > .col > .col-inner {\n    padding: 56px 32px 16px 32px;\n  }\n}\n@media (min-width:850px) {\n  #row-1026812946 > .col > .col-inner {\n    padding: 72px 64px 24px 64px;\n  }\n}\n<\/style>\n<\/div>\n\n\t<section class=\"section\" id=\"section_696328020\">\n\t\t<div class=\"section-bg fill\" >\n\t\t\t\t\t\t\t\t\t\n\t\t\t\n\n\t\t<\/div>\n\n\t\t\n\n\t\t<div class=\"section-content relative\">\n\t\t\t\n\n<div class=\"row row-full-width\"  id=\"row-1968079289\">\n\n\n\t<div id=\"col-286077279\" class=\"col large-12\"  >\n\t\t\t\t<div class=\"col-inner\"  >\n\t\t\t\n\t\t\t\n\n\t<div id=\"text-3199026718\" class=\"text\">\n\t\t\n\n<p class=\"uppercase\">\u2014 Aufenthaltsbedingungen<\/p>\n\t\t\n<style>\n#text-3199026718 {\n  font-size: 0.75rem;\n  color: rgba(184,118,80,1);\n}\n#text-3199026718 > * {\n  color: rgba(184,118,80,1);\n}\n@media (min-width:550px) {\n  #text-3199026718 {\n    font-size: 1rem;\n  }\n}\n<\/style>\n\t<\/div>\n\t\n\t<div id=\"text-2091840815\" class=\"text\">\n\t\t\n\n<h2>Preise und <em style=\"color:#2e8b57;\">Bedingungen<\/em><\/h2>\n\t\t\n<style>\n#text-2091840815 {\n  font-size: 1.6rem;\n}\n@media (min-width:550px) {\n  #text-2091840815 {\n    font-size: 1.6rem;\n  }\n}\n<\/style>\n\t<\/div>\n\t\n\n\t\t<\/div>\n\t\t\t\t\t<\/div>\n\n\t\n\n\t<div id=\"col-1230198757\" class=\"col medium-4 small-12 large-4\"  >\n\t\t\t\t<div class=\"col-inner\"  >\n\t\t\t\n\t\t\t\n\n\n\n<div class=\"dv-cond-card\"><span class=\"dv-cond-icon\">\ud83d\udcc5<\/span><h4>Kurzaufenthalte (&lt; 7 N\u00e4chte)<\/h4><p>Es gilt die <strong>Wochenendpreisliste<\/strong>, multipliziert mit den tats\u00e4chlich gebuchten Tagen.<\/p><\/div>\n\n\n\t\t<\/div>\n\t\t\t\t\t<\/div>\n\n\t\n\n\t<div id=\"col-1713721522\" class=\"col medium-4 small-12 large-4\"  >\n\t\t\t\t<div class=\"col-inner\"  >\n\t\t\t\n\t\t\t\n\n\n\n<div class=\"dv-cond-card\"><span class=\"dv-cond-icon\">\ud83c\udf89<\/span><h4>Feiertage und Br\u00fcckentage<\/h4><p>Es gilt die <strong>Hochsaison-Preisliste<\/strong>, multipliziert mit den tats\u00e4chlich gebuchten Tagen.<\/p><\/div>\n\n\n\t\t<\/div>\n\t\t\t\t\t<\/div>\n\n\t\n\n\t<div id=\"col-3954617\" class=\"col medium-4 small-12 large-4\"  >\n\t\t\t\t<div class=\"col-inner\"  >\n\t\t\t\n\t\t\t\n\n\n\n<div class=\"dv-cond-card\"><span class=\"dv-cond-icon\">\ud83c\udfdb<\/span><h4>Ortstaxe<\/h4><p>Pflichtabgabe, <strong>nicht im Preis inbegriffen<\/strong> (Beschluss des Stadtrats Nr. 75 vom 28. November 2018)<\/p><\/div>\n\n\n\t\t<\/div>\n\t\t\t\t\t<\/div>\n\n\t\n\n\t<div id=\"col-1356379291\" class=\"col medium-4 small-12 large-4\"  >\n\t\t\t\t<div class=\"col-inner\"  >\n\t\t\t\n\t\t\t\n\n\n\n<div class=\"dv-cond-card\"><span class=\"dv-cond-icon\">\ud83d\udd10<\/span><h4>Kaution<\/h4><p><strong>250,00 \u20ac<\/strong> \u2014 wird am Ende des Aufenthalts nach \u00dcberpr\u00fcfung zur\u00fcckerstattet<\/p><\/div>\n\n\n\t\t<\/div>\n\t\t\t\t\t<\/div>\n\n\t\n\n\t<div id=\"col-540542884\" class=\"col medium-4 small-12 large-4\"  >\n\t\t\t\t<div class=\"col-inner\"  >\n\t\t\t\n\t\t\t\n\n\n\n<div class=\"dv-cond-card\"><span class=\"dv-cond-icon\">\u2705<\/span><h4>Enthaltene Leistungen<\/h4><ul><li>Pool (saisonbedingt ge\u00f6ffnet)<\/li><li>Wasser, Strom und Gas<\/li><li>Internet\/WLAN<\/li><li>Klimaanlage (Hochsaison)<\/li><\/ul><\/div>\n\n\n\t\t<\/div>\n\t\t\t\t\t<\/div>\n\n\t\n\n\t<div id=\"col-434989215\" class=\"col medium-4 small-12 large-4\"  >\n\t\t\t\t<div class=\"col-inner\"  >\n\t\t\t\n\t\t\t\n\n\n\n<div class=\"dv-cond-card\"><span class=\"dv-cond-icon\">\ud83d\udc3e<\/span><h4>Heizung &amp; Haustiere<\/h4><p>Heizung Nebensaison:<strong> 7\u202f\u20ac\/Tag<\/strong> (klein) \u00b7 <strong>10\u202f\u20ac\/Tag<\/strong> (gro\u00df).<br>Haustiere: <strong>10\u202f\u20ac\/Nacht<\/strong>, max. 1, kleine Gr\u00f6\u00dfe, auf Anfrage.<\/p><\/div>\n\n\n\t\t<\/div>\n\t\t\t\t\t<\/div>\n\n\t\n\n\n<style>\n#row-1968079289 > .col > .col-inner {\n  padding: 2% 24px 0px 0px;\n}\n@media (min-width:550px) {\n  #row-1968079289 > .col > .col-inner {\n    padding: 56px 32px;\n  }\n}\n@media (min-width:850px) {\n  #row-1968079289 > .col > .col-inner {\n    padding: 2% 2% 2% 2%;\n  }\n}\n<\/style>\n<\/div>\n\n\t\t<\/div>\n\n\t\t\n<style>\n#section_696328020 {\n  padding-top: 30px;\n  padding-bottom: 30px;\n  background-color: rgb(238, 246, 241);\n}\n<\/style>\n\t<\/section>\n\t\n\n\t<section class=\"section booking-cta\" id=\"section_338581713\">\n\t\t<div class=\"section-bg fill\" >\n\t\t\t\t\t\t\t\t\t\n\t\t\t\n\n\t\t<\/div>\n\n\t\t\n\n\t\t<div class=\"section-content relative\">\n\t\t\t\n\n<div class=\"row row-full-width align-middle align-center\"  id=\"row-1847411107\">\n\n\n\t<div id=\"col-2037506619\" class=\"col medium-8 small-12 large-8\"  >\n\t\t\t\t<div class=\"col-inner text-center\"  >\n\t\t\t\n\t\t\t\n\n\t<div id=\"text-1619009494\" class=\"text\">\n\t\t\n\n<p class=\"uppercase\">\u2014 Jetzt buchen<\/p>\n\t\t\n<style>\n#text-1619009494 {\n  font-size: 0.75rem;\n  color: rgb(224, 200, 152);\n}\n#text-1619009494 > * {\n  color: rgb(224, 200, 152);\n}\n<\/style>\n\t<\/div>\n\t\n\t<div id=\"text-1819330111\" class=\"text\">\n\t\t\n\n<h2>Bereit f\u00fcr Ihren <em style=\"color:#e0c898;\">Urlaub am See?<\/em><\/h2>\n\t\t\n<style>\n#text-1819330111 {\n  font-size: 1.35rem;\n  line-height: 1.1;\n  color: rgba(255,255,255,1);\n}\n#text-1819330111 > * {\n  color: rgba(255,255,255,1);\n}\n@media (min-width:550px) {\n  #text-1819330111 {\n    font-size: 2.2rem;\n  }\n}\n@media (min-width:850px) {\n  #text-1819330111 {\n    font-size: 3.3rem;\n  }\n}\n<\/style>\n\t<\/div>\n\t\n<a href=\"https:\/\/agriturismodolcevita.it\/de\/reservierung\/\" class=\"button primary is-large hero-btn\"  >\n\t\t<span>Verf\u00fcgbarkeit pr\u00fcfen<\/span>\n\t<\/a>\n\n\n<a href=\"https:\/\/agriturismodolcevita.it\/de\/kontakte\/\" class=\"button primary is-large hero-btn-secondary\"  >\n\t\t<span>Kontaktieren Sie uns<\/span>\n\t<\/a>\n\n\n\n\t\t<\/div>\n\t\t\t\t\t<\/div>\n\n\t\n\n<\/div>\n<div class=\"row\"  id=\"row-1419610845\">\n\n\n\t<div id=\"col-1789809971\" class=\"col small-12 large-12\"  >\n\t\t\t\t<div class=\"col-inner\"  >\n\t\t\t\n\t\t\t\n\n\t<div id=\"text-3083760281\" class=\"text\">\n\t\t\n\n<h3><\/em><\/h3>\n\t\t\n<style>\n#text-3083760281 {\n  font-size: 30rem;\n  text-align: center;\n  color: rgba(255,255,255,1);\n}\n#text-3083760281 > * {\n  color: rgba(255,255,255,1);\n}\n<\/style>\n\t<\/div>\n\t\n\n\t\t<\/div>\n\t\t\t\t\t<\/div>\n\n\t\n\n<\/div>\n\n\t\t<\/div>\n\n\t\t\n<style>\n#section_338581713 {\n  padding-top: 0px;\n  padding-bottom: 0px;\n  background-color: rgb(26, 46, 34);\n}\n<\/style>\n\t<\/section>\n\t\n\n","protected":false},"excerpt":{"rendered":"","protected":false},"author":1,"featured_media":0,"parent":0,"menu_order":0,"comment_status":"closed","ping_status":"closed","template":"page-transparent-header.php","meta":{"footnotes":""},"class_list":["post-856","page","type-page","status-publish","hentry"],"yoast_head":"<!-- This site is optimized with the Yoast SEO plugin v27.3 - https:\/\/yoast.com\/product\/yoast-seo-wordpress\/ -->\n<title>Preisliste - Dolce Vita<\/title>\n<meta name=\"robots\" content=\"index, follow, max-snippet:-1, max-image-preview:large, max-video-preview:-1\" \/>\n<link rel=\"canonical\" href=\"https:\/\/agriturismodolcevita.it\/de\/preisliste\/\" \/>\n<meta property=\"og:locale\" content=\"de_DE\" \/>\n<meta property=\"og:type\" content=\"article\" \/>\n<meta property=\"og:title\" content=\"Preisliste - Dolce Vita\" \/>\n<meta property=\"og:url\" content=\"https:\/\/agriturismodolcevita.it\/de\/preisliste\/\" \/>\n<meta property=\"og:site_name\" content=\"Dolce Vita\" \/>\n<meta property=\"article:publisher\" content=\"https:\/\/www.facebook.com\/people\/Agriturismo-Dolce-Vita\/61571377756949\/\" \/>\n<meta property=\"article:modified_time\" content=\"2026-02-23T14:01:46+00:00\" \/>\n<meta name=\"twitter:card\" content=\"summary_large_image\" \/>\n<meta name=\"twitter:label1\" content=\"Gesch\u00e4tzte Lesezeit\" \/>\n\t<meta name=\"twitter:data1\" content=\"3\u00a0Minuten\" \/>\n<script type=\"application\/ld+json\" class=\"yoast-schema-graph\">{\"@context\":\"https:\\\/\\\/schema.org\",\"@graph\":[{\"@type\":\"WebPage\",\"@id\":\"https:\\\/\\\/agriturismodolcevita.it\\\/de\\\/preisliste\\\/\",\"url\":\"https:\\\/\\\/agriturismodolcevita.it\\\/de\\\/preisliste\\\/\",\"name\":\"Preisliste - Dolce Vita\",\"isPartOf\":{\"@id\":\"https:\\\/\\\/agriturismodolcevita.it\\\/de\\\/#website\"},\"datePublished\":\"2025-06-05T17:48:40+00:00\",\"dateModified\":\"2026-02-23T14:01:46+00:00\",\"breadcrumb\":{\"@id\":\"https:\\\/\\\/agriturismodolcevita.it\\\/de\\\/preisliste\\\/#breadcrumb\"},\"inLanguage\":\"de\",\"potentialAction\":[{\"@type\":\"ReadAction\",\"target\":[\"https:\\\/\\\/agriturismodolcevita.it\\\/de\\\/preisliste\\\/\"]}]},{\"@type\":\"BreadcrumbList\",\"@id\":\"https:\\\/\\\/agriturismodolcevita.it\\\/de\\\/preisliste\\\/#breadcrumb\",\"itemListElement\":[{\"@type\":\"ListItem\",\"position\":1,\"name\":\"Home\",\"item\":\"https:\\\/\\\/agriturismodolcevita.it\\\/de\\\/home\\\/\"},{\"@type\":\"ListItem\",\"position\":2,\"name\":\"Preisliste\"}]},{\"@type\":\"WebSite\",\"@id\":\"https:\\\/\\\/agriturismodolcevita.it\\\/de\\\/#website\",\"url\":\"https:\\\/\\\/agriturismodolcevita.it\\\/de\\\/\",\"name\":\"Agriturismo Dolce Vita\",\"description\":\"Bauernhaus am Bolsena-See\",\"publisher\":{\"@id\":\"https:\\\/\\\/agriturismodolcevita.it\\\/de\\\/#organization\"},\"potentialAction\":[{\"@type\":\"SearchAction\",\"target\":{\"@type\":\"EntryPoint\",\"urlTemplate\":\"https:\\\/\\\/agriturismodolcevita.it\\\/de\\\/?s={search_term_string}\"},\"query-input\":{\"@type\":\"PropertyValueSpecification\",\"valueRequired\":true,\"valueName\":\"search_term_string\"}}],\"inLanguage\":\"de\"},{\"@type\":\"Organization\",\"@id\":\"https:\\\/\\\/agriturismodolcevita.it\\\/de\\\/#organization\",\"name\":\"Agriturismo Dolce Vita\",\"url\":\"https:\\\/\\\/agriturismodolcevita.it\\\/de\\\/\",\"logo\":{\"@type\":\"ImageObject\",\"inLanguage\":\"de\",\"@id\":\"https:\\\/\\\/agriturismodolcevita.it\\\/de\\\/#\\\/schema\\\/logo\\\/image\\\/\",\"url\":\"https:\\\/\\\/agriturismodolcevita.it\\\/wp-content\\\/uploads\\\/2025\\\/06\\\/logo-agriturismo-dolce-vita.webp\",\"contentUrl\":\"https:\\\/\\\/agriturismodolcevita.it\\\/wp-content\\\/uploads\\\/2025\\\/06\\\/logo-agriturismo-dolce-vita.webp\",\"width\":350,\"height\":198,\"caption\":\"Agriturismo Dolce Vita\"},\"image\":{\"@id\":\"https:\\\/\\\/agriturismodolcevita.it\\\/de\\\/#\\\/schema\\\/logo\\\/image\\\/\"},\"sameAs\":[\"https:\\\/\\\/www.facebook.com\\\/people\\\/Agriturismo-Dolce-Vita\\\/61571377756949\\\/\",\"https:\\\/\\\/www.instagram.com\\\/agriturismo.dolce.vita\\\/\",\"https:\\\/\\\/www.youtube.com\\\/@agriturismodolcevita8768\"]}]}<\/script>\n<!-- \/ Yoast SEO plugin. -->","yoast_head_json":{"title":"Preisliste - Dolce Vita","robots":{"index":"index","follow":"follow","max-snippet":"max-snippet:-1","max-image-preview":"max-image-preview:large","max-video-preview":"max-video-preview:-1"},"canonical":"https:\/\/agriturismodolcevita.it\/de\/preisliste\/","og_locale":"de_DE","og_type":"article","og_title":"Preisliste - Dolce Vita","og_url":"https:\/\/agriturismodolcevita.it\/de\/preisliste\/","og_site_name":"Dolce Vita","article_publisher":"https:\/\/www.facebook.com\/people\/Agriturismo-Dolce-Vita\/61571377756949\/","article_modified_time":"2026-02-23T14:01:46+00:00","twitter_card":"summary_large_image","twitter_misc":{"Gesch\u00e4tzte Lesezeit":"3\u00a0Minuten"},"schema":{"@context":"https:\/\/schema.org","@graph":[{"@type":"WebPage","@id":"https:\/\/agriturismodolcevita.it\/de\/preisliste\/","url":"https:\/\/agriturismodolcevita.it\/de\/preisliste\/","name":"Preisliste - Dolce Vita","isPartOf":{"@id":"https:\/\/agriturismodolcevita.it\/de\/#website"},"datePublished":"2025-06-05T17:48:40+00:00","dateModified":"2026-02-23T14:01:46+00:00","breadcrumb":{"@id":"https:\/\/agriturismodolcevita.it\/de\/preisliste\/#breadcrumb"},"inLanguage":"de","potentialAction":[{"@type":"ReadAction","target":["https:\/\/agriturismodolcevita.it\/de\/preisliste\/"]}]},{"@type":"BreadcrumbList","@id":"https:\/\/agriturismodolcevita.it\/de\/preisliste\/#breadcrumb","itemListElement":[{"@type":"ListItem","position":1,"name":"Home","item":"https:\/\/agriturismodolcevita.it\/de\/home\/"},{"@type":"ListItem","position":2,"name":"Preisliste"}]},{"@type":"WebSite","@id":"https:\/\/agriturismodolcevita.it\/de\/#website","url":"https:\/\/agriturismodolcevita.it\/de\/","name":"Agriturismo Dolce Vita","description":"Bauernhaus am Bolsena-See","publisher":{"@id":"https:\/\/agriturismodolcevita.it\/de\/#organization"},"potentialAction":[{"@type":"SearchAction","target":{"@type":"EntryPoint","urlTemplate":"https:\/\/agriturismodolcevita.it\/de\/?s={search_term_string}"},"query-input":{"@type":"PropertyValueSpecification","valueRequired":true,"valueName":"search_term_string"}}],"inLanguage":"de"},{"@type":"Organization","@id":"https:\/\/agriturismodolcevita.it\/de\/#organization","name":"Agriturismo Dolce Vita","url":"https:\/\/agriturismodolcevita.it\/de\/","logo":{"@type":"ImageObject","inLanguage":"de","@id":"https:\/\/agriturismodolcevita.it\/de\/#\/schema\/logo\/image\/","url":"https:\/\/agriturismodolcevita.it\/wp-content\/uploads\/2025\/06\/logo-agriturismo-dolce-vita.webp","contentUrl":"https:\/\/agriturismodolcevita.it\/wp-content\/uploads\/2025\/06\/logo-agriturismo-dolce-vita.webp","width":350,"height":198,"caption":"Agriturismo Dolce Vita"},"image":{"@id":"https:\/\/agriturismodolcevita.it\/de\/#\/schema\/logo\/image\/"},"sameAs":["https:\/\/www.facebook.com\/people\/Agriturismo-Dolce-Vita\/61571377756949\/","https:\/\/www.instagram.com\/agriturismo.dolce.vita\/","https:\/\/www.youtube.com\/@agriturismodolcevita8768"]}]}},"_links":{"self":[{"href":"https:\/\/agriturismodolcevita.it\/de\/wp-json\/wp\/v2\/pages\/856","targetHints":{"allow":["GET"]}}],"collection":[{"href":"https:\/\/agriturismodolcevita.it\/de\/wp-json\/wp\/v2\/pages"}],"about":[{"href":"https:\/\/agriturismodolcevita.it\/de\/wp-json\/wp\/v2\/types\/page"}],"author":[{"embeddable":true,"href":"https:\/\/agriturismodolcevita.it\/de\/wp-json\/wp\/v2\/users\/1"}],"replies":[{"embeddable":true,"href":"https:\/\/agriturismodolcevita.it\/de\/wp-json\/wp\/v2\/comments?post=856"}],"version-history":[{"count":13,"href":"https:\/\/agriturismodolcevita.it\/de\/wp-json\/wp\/v2\/pages\/856\/revisions"}],"predecessor-version":[{"id":1389,"href":"https:\/\/agriturismodolcevita.it\/de\/wp-json\/wp\/v2\/pages\/856\/revisions\/1389"}],"wp:attachment":[{"href":"https:\/\/agriturismodolcevita.it\/de\/wp-json\/wp\/v2\/media?parent=856"}],"curies":[{"name":"wp","href":"https:\/\/api.w.org\/{rel}","templated":true}]}}